{"id":3662,"date":"2024-07-16T12:56:47","date_gmt":"2024-07-16T10:56:47","guid":{"rendered":"https:\/\/galoppmuenchen.de\/impressum\/"},"modified":"2025-01-21T11:18:20","modified_gmt":"2025-01-21T10:18:20","slug":"impressum","status":"publish","type":"page","link":"https:\/\/galoppmuenchen.de\/en\/impressum\/","title":{"rendered":"Impressum"},"content":{"rendered":"\t\t<div data-elementor-type=\"wp-page\" data-elementor-id=\"3662\" class=\"elementor elementor-3662 elementor-352\" data-elementor-post-type=\"page\">\n\t\t\t\t<div class=\"elementor-element elementor-element-18559df e-flex e-con-boxed e-con e-parent\" data-id=\"18559df\" data-element_type=\"container\" data-e-type=\"container\" data-settings=\"{&quot;background_background&quot;:&quot;classic&quot;}\">\n\t\t\t\t\t<div class=\"e-con-inner\">\n\t\t\t\t<div class=\"elementor-element elementor-element-755ba05 elementor-widget elementor-widget-heading\" data-id=\"755ba05\" data-element_type=\"widget\" data-e-type=\"widget\" data-widget_type=\"heading.default\">\n\t\t\t\t<div class=\"elementor-widget-container\">\n\t\t\t\t\t<h1 class=\"elementor-heading-title elementor-size-default\">Impressum\n<\/h1>\t\t\t\t<\/div>\n\t\t\t\t<\/div>\n\t\t\t\t\t<\/div>\n\t\t\t\t<\/div>\n\t\t<div class=\"elementor-element elementor-element-709b8f6 e-flex e-con-boxed e-con e-parent\" data-id=\"709b8f6\" data-element_type=\"container\" data-e-type=\"container\" data-settings=\"{&quot;background_background&quot;:&quot;classic&quot;}\">\n\t\t\t\t\t<div class=\"e-con-inner\">\n\t\t<div class=\"elementor-element elementor-element-d40497e e-con-full e-flex e-con e-child\" data-id=\"d40497e\" data-element_type=\"container\" data-e-type=\"container\">\n\t\t\t\t<div class=\"elementor-element elementor-element-c53502c elementor-widget elementor-widget-text-editor\" data-id=\"c53502c\" data-element_type=\"widget\" data-e-type=\"widget\" data-widget_type=\"text-editor.default\">\n\t\t\t\t<div class=\"elementor-widget-container\">\n\t\t\t\t\t<div class=\"breadcrumbs\"><a href=\"https:\/\/galoppmuenchen.de\/en\/\">Home<\/a> &gt; <\/div>\t\t\t\t<\/div>\n\t\t\t\t<\/div>\n\t\t\t\t<\/div>\n\t\t\t\t\t<\/div>\n\t\t\t\t<\/div>\n\t\t<div class=\"elementor-element elementor-element-3b34a1e e-flex e-con-boxed e-con e-parent\" data-id=\"3b34a1e\" data-element_type=\"container\" data-e-type=\"container\">\n\t\t\t\t\t<div class=\"e-con-inner\">\n\t\t\t\t<div class=\"elementor-element elementor-element-b27f6fe elementor-widget elementor-widget-heading\" data-id=\"b27f6fe\" data-element_type=\"widget\" data-e-type=\"widget\" data-widget_type=\"heading.default\">\n\t\t\t\t<div class=\"elementor-widget-container\">\n\t\t\t\t\t<h2 class=\"elementor-heading-title elementor-size-default\">Impressum\n<\/h2>\t\t\t\t<\/div>\n\t\t\t\t<\/div>\n\t\t\t\t<div class=\"elementor-element elementor-element-7daa26a elementor-widget elementor-widget-text-editor\" data-id=\"7daa26a\" data-element_type=\"widget\" data-e-type=\"widget\" data-widget_type=\"text-editor.default\">\n\t\t\t\t<div class=\"elementor-widget-container\">\n\t\t\t\t\t\t\t\t\t<p class=\"teaser\"><strong>M\u00fcnchener Rennverein e.V.<\/strong><\/p><p><strong>Graf-Lehndorff-Str. 36<\/strong><br \/><strong>81929\u00a0M\u00fcnchen<\/strong><br \/><strong>Telefon:\u00a0+49 89 9455230<\/strong><br \/><strong>Telefax:\u00a0+49 89 908197<\/strong><\/p><p><strong>E-Mail:\u00a0rennverein@galoppmuenchen.de<\/strong><\/p><p><strong>Ehrenpr\u00e4sident:<\/strong> Wolfgang Wille<br \/>Vorsitzender des Vorstands: Michael Motschmann<br \/>Stellv. Vorsitzende des Vorstands: Stephanie Gr\u00e4fin Bruges &#8211; von Pfuel<br \/>Vorstand: Dr. Georg Freiherr von Gumppenberg, Dr. Christoph Walther, Dr. Stefan Oschmann<br \/>Generalsekret\u00e4r: Sascha Multerer<br \/>Renntechnisches Sekretariat: Teresa Staudigl, Frank Becker<\/p><p>Eingetragen im Vereinsregister beim Amtsgericht M\u00fcnchen: VR 7638<br \/>Umsatzsteuer-Identifikationsnummer gem\u00e4\u00df \u00a7 27 a Umsatzsteuergesetz: DE 129518128<br \/>Inhaltlich Verantwortlicher gem\u00e4\u00df \u00a7 55 Abs. 2 RStV: Sascha Multerer (Anschrift wie oben)<\/p><p>Haftungshinweis: Trotz sorgf\u00e4ltiger inhaltlicher Kontrolle \u00fcbernehmen wir keine Haftung f\u00fcr die Inhalte externer Links. F\u00fcr den Inhalt der verlinkten Seiten sind ausschlie\u00dflich deren Betreiber verantwortlich.<\/p><p><strong>Website, Suchmaschinenoptimierung (SEO) &amp; Online Marketing<\/strong><br \/>Datenliebe | Online Performance-Marketing<br \/><span style=\"text-decoration: underline;\"><strong><span style=\"color: #000000;\"><a style=\"color: #000000; text-decoration: underline;\" href=\"http:\/\/www.datenliebe.com\/\">www.datenliebe.com<\/a><\/span><\/strong><\/span><\/p>\t\t\t\t\t\t\t\t<\/div>\n\t\t\t\t<\/div>\n\t\t\t\t\t<\/div>\n\t\t\t\t<\/div>\n\t\t\t\t<\/div>\n\t\t","protected":false},"excerpt":{"rendered":"<p>Impressum Impressum M\u00fcnchener Rennverein e.V. Graf-Lehndorff-Str. 3681929\u00a0M\u00fcnchenTelefon:\u00a0+49 89 9455230Telefax:\u00a0+49 89 908197 E-Mail:\u00a0rennverein@galoppmuenchen.de Ehrenpr\u00e4sident: Wolfgang WilleVorsitzender des Vorstands: Michael MotschmannStellv. Vorsitzende des Vorstands: Stephanie Gr\u00e4fin Bruges &#8211; von PfuelVorstand: Dr. Georg Freiherr von Gumppenberg, Dr. Christoph Walther, Dr. Stefan OschmannGeneralsekret\u00e4r: Sascha MultererRenntechnisches Sekretariat: Teresa Staudigl, Frank Becker Eingetragen im Vereinsregister beim Amtsgericht M\u00fcnchen: VR 7638Umsatzsteuer-Identifikationsnummer gem\u00e4\u00df [&hellip;]<\/p>\n","protected":false},"author":1,"featured_media":0,"parent":0,"menu_order":0,"comment_status":"closed","ping_status":"closed","template":"elementor_header_footer","meta":{"_acf_changed":false,"footnotes":""},"class_list":["post-3662","page","type-page","status-publish","hentry"],"acf":[],"_links":{"self":[{"href":"https:\/\/galoppmuenchen.de\/en\/wp-json\/wp\/v2\/pages\/3662","targetHints":{"allow":["GET"]}}],"collection":[{"href":"https:\/\/galoppmuenchen.de\/en\/wp-json\/wp\/v2\/pages"}],"about":[{"href":"https:\/\/galoppmuenchen.de\/en\/wp-json\/wp\/v2\/types\/page"}],"author":[{"embeddable":true,"href":"https:\/\/galoppmuenchen.de\/en\/wp-json\/wp\/v2\/users\/1"}],"replies":[{"embeddable":true,"href":"https:\/\/galoppmuenchen.de\/en\/wp-json\/wp\/v2\/comments?post=3662"}],"version-history":[{"count":35,"href":"https:\/\/galoppmuenchen.de\/en\/wp-json\/wp\/v2\/pages\/3662\/revisions"}],"predecessor-version":[{"id":5440,"href":"https:\/\/galoppmuenchen.de\/en\/wp-json\/wp\/v2\/pages\/3662\/revisions\/5440"}],"wp:attachment":[{"href":"https:\/\/galoppmuenchen.de\/en\/wp-json\/wp\/v2\/media?parent=3662"}],"curies":[{"name":"wp","href":"https:\/\/api.w.org\/{rel}","templated":true}]}}